{"id":932,"date":"2022-05-02T23:34:52","date_gmt":"2022-05-02T21:34:52","guid":{"rendered":"https:\/\/empower4pandemias.eu\/?page_id=932"},"modified":"2025-03-18T14:15:24","modified_gmt":"2025-03-18T12:15:24","slug":"impressao","status":"publish","type":"page","link":"https:\/\/empower4pandemias.eu\/pt-pt\/impressao\/","title":{"rendered":"Impress\u00e3o"},"content":{"rendered":"\n<p><strong>Publicado por:<\/strong><br>Coordenador do Projeto Empowering for Pandemias :: Erasmus+<br>UMIT TIROL &#8211; universidade privada de ci\u00eancias da sa\u00fade e tecnologia da sa\u00fade GmbH (LLC)<br>Eduard-Walln\u00f6fer-Zentrum 1<br>6060 Hall in Tirol, \u00c1USTRIA<br>Tel: +43 50 8648-3909<br>Correio eletr\u00f3nico: <a href=\"mailto:info@empower4pandemias.eu\">info@empower4pandemias.eu<\/a><\/p>\n\n\n\n<p><strong>N\u00famero de registo da empresa:<\/strong><br>215003g<\/p>\n\n\n\n<p><\/p>\n\n\n\n<p>As autoridades editoriais e os autores det\u00eam todos os direitos sobre os conte\u00fados deste s\u00edtio Web. Todas as informa\u00e7\u00f5es sem garantia e sujeitas a altera\u00e7\u00f5es sem aviso pr\u00e9vio.<\/p>\n\n\n\n<p><strong>Divulga\u00e7\u00e3o de acordo com o \u00a7 25 sec\u00e7\u00e3o 4 da Lei dos Meios de Comunica\u00e7\u00e3o Social<\/strong>:<\/p>\n\n\n\n<p>Para quest\u00f5es gerais sobre este s\u00edtio Web ou problemas t\u00e9cnicos, contacte-nos atrav\u00e9s de info@empower4pandemias.eu.<\/p>\n\n\n\n<p>O s\u00edtio Internet empower4pandemias.eu fornece informa\u00e7\u00f5es relacionadas com o \u00e2mbito, os parceiros do projeto, o financiamento, os pacotes de trabalho e os resultados do programa conjunto Empowering for Pandemias.<\/p>\n\n\n\n<p><strong>Condi\u00e7\u00f5es de utiliza\u00e7\u00e3o<\/strong>:<\/p>\n\n\n\n<p>As informa\u00e7\u00f5es contidas neste s\u00edtio Web est\u00e3o sujeitas a uma declara\u00e7\u00e3o de exonera\u00e7\u00e3o de responsabilidade, a um aviso de direitos de autor e a regras de prote\u00e7\u00e3o de dados pessoais, bem como a disposi\u00e7\u00f5es finais.<\/p>\n\n\n\n<p><strong>1.<\/strong> <strong>Exonera\u00e7\u00e3o de responsabilidade:<\/strong><\/p>\n\n\n\n<p>A UMIT GmbH, na qualidade de coordenadora do programa, mant\u00e9m este s\u00edtio Web para melhorar o acesso do p\u00fablico \u00e0s informa\u00e7\u00f5es sobre o seu trabalho. O nosso objetivo \u00e9 manter esta informa\u00e7\u00e3o actualizada e exacta. N\u00e3o assumimos qualquer responsabilidade pela corre\u00e7\u00e3o, atualiza\u00e7\u00e3o, integridade e disponibilidade das informa\u00e7\u00f5es oferecidas.<\/p>\n\n\n\n<p>N\u00e3o podemos assumir a responsabilidade por todos e quaisquer s\u00edtios da Internet de terceiros (liga\u00e7\u00f5es) que estejam fora da nossa responsabilidade.<\/p>\n\n\n\n<p>Envidamos todos os esfor\u00e7os poss\u00edveis para evitar perturba\u00e7\u00f5es e interrup\u00e7\u00f5es t\u00e9cnicas. No entanto, n\u00e3o assumimos qualquer responsabilidade no caso de tais perturba\u00e7\u00f5es ocorrerem. Para al\u00e9m disso, a UMIT GmbH n\u00e3o assume qualquer responsabilidade por perturba\u00e7\u00f5es que possam surgir como resultado da utiliza\u00e7\u00e3o deste s\u00edtio Web.<\/p>\n\n\n\n<p><strong>2.<\/strong> <strong>Aviso de direitos de autor:<\/strong><\/p>\n\n\n\n<p>Todos os textos, imagens, gr\u00e1ficos e eventuais dados de som e v\u00eddeo, bem como a sua disposi\u00e7\u00e3o no s\u00edtio Web est\u00e3o protegidos por direitos de autor e outras leis. Todos estes direitos est\u00e3o reservados aos membros do projeto. O s\u00edtio Web n\u00e3o pode ser alterado para ser utilizado noutros s\u00edtios Web.<\/p>\n\n\n\n<p>Qualquer pessoa tem a liberdade de fazer uma simples liga\u00e7\u00e3o ao nosso s\u00edtio Web, sem necessidade de qualquer autoriza\u00e7\u00e3o especial, desde que n\u00e3o se trate de uma deturpa\u00e7\u00e3o ou degrada\u00e7\u00e3o da UMIT GmbH.<\/p>\n\n\n\n<p><strong>3.<\/strong> <strong>Normas de prote\u00e7\u00e3o de dados pessoais:<\/strong><\/p>\n\n\n\n<p>A UMIT GmbH e o gabinete do coordenador do projeto respeitam a privacidade de todos e processam os seus dados pessoais de acordo com os regulamentos da Lei de Prote\u00e7\u00e3o de Dados de 2000. Embora lhe seja permitido utilizar a maior parte do conte\u00fado do nosso s\u00edtio Web sem fornecer informa\u00e7\u00f5es pessoais, em alguns casos, s\u00e3o necess\u00e1rias informa\u00e7\u00f5es pessoais para fornecer as informa\u00e7\u00f5es solicitadas.<\/p>\n\n\n\n<p><strong>O que acontece \u00e0s mensagens de correio eletr\u00f3nico que nos envia?<\/strong><\/p>\n\n\n\n<p>Se nos enviar uma mensagem de correio eletr\u00f3nico, os seus dados pessoais s\u00e3o tratados apenas na medida do necess\u00e1rio para responder. Se necess\u00e1rio, o destinat\u00e1rio reencaminha a sua mensagem para outra autoridade competente no \u00e2mbito do projeto ou da universidade.<\/p>\n\n\n\n<p><strong>Refer\u00eancias e hiperliga\u00e7\u00f5es<\/strong>:<\/p>\n\n\n\n<p>No caso de refer\u00eancias directas ou indirectas a todos e quaisquer sites da Internet de terceiros (links) que estejam fora da responsabilidade da reda\u00e7\u00e3o ou dos parceiros de coopera\u00e7\u00e3o, a responsabilidade s\u00f3 ser\u00e1 assumida se e quando a respectiva reda\u00e7\u00e3o tiver tido conhecimento de tais conte\u00fados e se e quando tivesse sido tecnicamente poss\u00edvel e vi\u00e1vel para a reda\u00e7\u00e3o evitar a utiliza\u00e7\u00e3o de tais conte\u00fados ilegais.<\/p>\n\n\n\n<p>Por conseguinte, a reda\u00e7\u00e3o declara expressamente que as liga\u00e7\u00f5es correspondentes estavam isentas de conte\u00fados ilegais no momento da publica\u00e7\u00e3o. A reda\u00e7\u00e3o n\u00e3o tem qualquer influ\u00eancia sobre a conce\u00e7\u00e3o e os conte\u00fados actuais e futuros dos s\u00edtios Web ligados. Por conseguinte, a reda\u00e7\u00e3o distancia-se expressamente dos conte\u00fados de todos os s\u00edtios Web ligados que tenham sido alterados de alguma forma ap\u00f3s a inclus\u00e3o dos links neste s\u00edtio Web. Esta declara\u00e7\u00e3o de exonera\u00e7\u00e3o de responsabilidade aplica-se a todas as liga\u00e7\u00f5es e refer\u00eancias inclu\u00eddas no nosso s\u00edtio Web da Internet, bem como a entradas de terceiros na nossa plataforma. O propriet\u00e1rio do s\u00edtio Web ligado \u00e9 a \u00fanica parte contra a qual podem ser feitas todas e quaisquer reivindica\u00e7\u00f5es de responsabilidade relativamente a conte\u00fados ilegais, defeituosos ou incompletos e, em particular, por quaisquer reivindica\u00e7\u00f5es de danos resultantes da utiliza\u00e7\u00e3o ou n\u00e3o utiliza\u00e7\u00e3o de todas e quaisquer informa\u00e7\u00f5es a\u00ed fornecidas.<\/p>\n\n\n\n<p><strong>4.<\/strong> <strong>Disposi\u00e7\u00f5es finais:<\/strong><\/p>\n\n\n\n<p>Ao aceder ao nosso s\u00edtio Web e ao utilizar os nossos servi\u00e7os, o utilizador reconhece e aceita as condi\u00e7\u00f5es de utiliza\u00e7\u00e3o aqui estabelecidas. As condi\u00e7\u00f5es de utiliza\u00e7\u00e3o est\u00e3o sujeitas ao direito austr\u00edaco. O \u00fanico local de jurisdi\u00e7\u00e3o ser\u00e1 o tribunal competente em Innsbruck, \u00c1ustria. Se qualquer disposi\u00e7\u00e3o das presentes condi\u00e7\u00f5es de utiliza\u00e7\u00e3o for ou se tornar ineficaz, ou contiver uma omiss\u00e3o, a validade legal das outras condi\u00e7\u00f5es n\u00e3o ser\u00e1 afetada.<\/p>\n","protected":false},"excerpt":{"rendered":"<p>Publicado por:Coordenador do Projeto Empowering for Pandemias :: Erasmus+UMIT TIROL &#8211; universidade privada de ci\u00eancias da sa\u00fade e tecnologia da sa\u00fade GmbH (LLC)Eduard-Walln\u00f6fer-Zentrum 16060 Hall in Tirol, \u00c1USTRIATel: +43 50 8648-3909Correio eletr\u00f3nico: info@empower4pandemias.eu N\u00famero de registo da empresa:215003g As autoridades editoriais e os autores det\u00eam todos os direitos sobre os conte\u00fados deste s\u00edtio Web. Todas&hellip;&nbsp;<a href=\"https:\/\/empower4pandemias.eu\/pt-pt\/impressao\/\" rel=\"bookmark\">Ler mais &raquo;<span class=\"screen-reader-text\">Impress\u00e3o<\/span><\/a><\/p>\n","protected":false},"author":5,"featured_media":0,"parent":0,"menu_order":0,"comment_status":"closed","ping_status":"closed","template":"","meta":{"neve_meta_sidebar":"","neve_meta_container":"","neve_meta_enable_content_width":"","neve_meta_content_width":0,"neve_meta_title_alignment":"","neve_meta_author_avatar":"","neve_post_elements_order":"","neve_meta_disable_header":"","neve_meta_disable_footer":"","neve_meta_disable_title":"","_themeisle_gutenberg_block_has_review":false,"footnotes":""},"class_list":["post-932","page","type-page","status-publish","hentry"],"_links":{"self":[{"href":"https:\/\/empower4pandemias.eu\/pt-pt\/wp-json\/wp\/v2\/pages\/932","targetHints":{"allow":["GET"]}}],"collection":[{"href":"https:\/\/empower4pandemias.eu\/pt-pt\/wp-json\/wp\/v2\/pages"}],"about":[{"href":"https:\/\/empower4pandemias.eu\/pt-pt\/wp-json\/wp\/v2\/types\/page"}],"author":[{"embeddable":true,"href":"https:\/\/empower4pandemias.eu\/pt-pt\/wp-json\/wp\/v2\/users\/5"}],"replies":[{"embeddable":true,"href":"https:\/\/empower4pandemias.eu\/pt-pt\/wp-json\/wp\/v2\/comments?post=932"}],"version-history":[{"count":2,"href":"https:\/\/empower4pandemias.eu\/pt-pt\/wp-json\/wp\/v2\/pages\/932\/revisions"}],"predecessor-version":[{"id":2235,"href":"https:\/\/empower4pandemias.eu\/pt-pt\/wp-json\/wp\/v2\/pages\/932\/revisions\/2235"}],"wp:attachment":[{"href":"https:\/\/empower4pandemias.eu\/pt-pt\/wp-json\/wp\/v2\/media?parent=932"}],"curies":[{"name":"wp","href":"https:\/\/api.w.org\/{rel}","templated":true}]}}