{"id":877,"date":"2022-05-26T22:08:50","date_gmt":"2022-05-26T20:08:50","guid":{"rendered":"https:\/\/empower4pandemias.eu\/?page_id=877"},"modified":"2024-04-21T11:41:23","modified_gmt":"2024-04-21T09:41:23","slug":"sintese-do-projeto","status":"publish","type":"page","link":"https:\/\/empower4pandemias.eu\/pt-pt\/sintese-do-projeto\/","title":{"rendered":"Projeto"},"content":{"rendered":"\n<h2 class=\"wp-block-heading\" id=\"context\"><mark style=\"background-color:rgba(0, 0, 0, 0)\" class=\"has-inline-color has-neve-link-color-color\">Situa\u00e7\u00e3o Problem\u00e1tica<\/mark><\/h2>\n\n\n\n<p>A pandemia de COVID-19 sublinhou o papel cr\u00edtico dos sistemas de sa\u00fade e a necessidade urgente de cuidados prim\u00e1rios, secund\u00e1rios e comunit\u00e1rios. Destacou os desafios enfrentados pelas autoridades de sa\u00fade p\u00fablica na cria\u00e7\u00e3o de quadros jur\u00eddicos responsivos e a import\u00e2ncia de dotar os profissionais com as compet\u00eancias e a resili\u00eancia necess\u00e1rias para enfrentar tais crises. O conceito de resili\u00eancia tornou-se fundamental, <strong>enfatizando mecanismos de enfrentamento adaptativos nos n\u00edveis individual, de grupo e organizacional para promover uma resposta robusta<\/strong> aos desafios ambientais<\/p>\n\n\n\n<p><\/p>\n\n\n\n<h2 class=\"wp-block-heading\" id=\"objective\"><mark style=\"background-color:rgba(0, 0, 0, 0)\" class=\"has-inline-color has-neve-link-color-color\">Objetivos do Projeto<\/mark><\/h2>\n\n\n\n<p>Com base nas aprendizagens da Covid-19, este projeto pretende <strong>definir compet\u00eancias que fortale\u00e7am a resili\u00eancia individual e organizacional<\/strong>, em primeiro lugar, e em segundo lugar, <strong>operacionaliz\u00e1-las em experi\u00eancias de aprendizagem inovadoras<\/strong>, utilizando uma combina\u00e7\u00e3o de diferentes ambientes de aprendizagem:<\/p>\n\n\n\n<ul class=\"wp-block-list\">\n<li>Desenvolver um modelo, descrevendo quais compet\u00eancias s\u00e3o necess\u00e1rias para a resili\u00eancia \u00e0 pandemia<\/li>\n\n\n\n<li>Uma triagem organizacional e individual permitir\u00e1 a avalia\u00e7\u00e3o de compet\u00eancias relevantes para a resili\u00eancia \u00e0 pandemia<\/li>\n\n\n\n<li>Implementar uma abordagem de aprendizagem combinada combinando e-learning e sess\u00f5es presenciais, consistindo em unidades de aprendizagem modulares<\/li>\n\n\n\n<li>Envolver-se em cen\u00e1rios de crise para aprimorar as habilidades de resolu\u00e7\u00e3o de problemas<\/li>\n<\/ul>\n\n\n\n<p>Esta forma\u00e7\u00e3o visa aumentar a sensibiliza\u00e7\u00e3o e dotar os profissionais de estrat\u00e9gias eficazes de enfrentamento e recupera\u00e7\u00e3o para a gest\u00e3o de crises pand\u00e9micas.<\/p>\n\n\n\n<p><\/p>\n\n\n\n<h2 class=\"wp-block-heading\"><strong><mark style=\"background-color:rgba(0, 0, 0, 0)\" class=\"has-inline-color has-neve-link-color-color\">A caixa de ferramentas do empower4pandemias<\/mark><\/strong><\/h2>\n\n\n\n<p><strong>Os principais contributos deste projeto consistem em seis Resultados de Projeto (PR 1-6):<\/strong><\/p>\n\n\n\n<div class=\"wp-block-columns is-layout-flex wp-container-core-columns-is-layout-9d6595d7 wp-block-columns-is-layout-flex\">\n<div class=\"wp-block-column is-layout-flow wp-block-column-is-layout-flow\" style=\"flex-basis:10%\">\n<h3 id=\"wp-block-themeisle-blocks-advanced-heading-1bb0c93d\" class=\"wp-block-themeisle-blocks-advanced-heading wp-block-themeisle-blocks-advanced-heading-1bb0c93d\">PR1 <\/h3>\n\n\n\n<p><\/p>\n<\/div>\n\n\n\n<div class=\"wp-block-column is-layout-flow wp-block-column-is-layout-flow\" style=\"flex-basis:90%\">\n<p><mark style=\"background-color:rgba(0, 0, 0, 0)\" class=\"has-inline-color has-neve-link-color-color\"><strong>Desenvolvimento de Modelo de Compet\u00eancias<\/strong><\/mark><br><br>A fase inicial do projeto Empower4Pandemias centra-se no desenvolvimento de um <strong>modelo de compet\u00eancias de resili\u00eancia<\/strong>. Este modelo enfatiza as <strong>compet\u00eancias individuais e as capacidades organizacionais<\/strong> necess\u00e1rias para enfrentar crises de sa\u00fade. Foi elaborado com base numa pesquisa bibliogr\u00e1fica abrangente e em mais de <strong>50 entrevistas aprofundadas<\/strong> com profissionais de sa\u00fade em cinco pa\u00edses europeus para impulsionar as pr\u00e1ticas quotidianas em ambientes de sa\u00fade, especialmente em condi\u00e7\u00f5es de pandemia.<\/p>\n<\/div>\n<\/div>\n\n\n\n<div class=\"wp-block-columns is-layout-flex wp-container-core-columns-is-layout-9d6595d7 wp-block-columns-is-layout-flex\">\n<div class=\"wp-block-column is-layout-flow wp-block-column-is-layout-flow\" style=\"flex-basis:10%\">\n<h3 id=\"wp-block-themeisle-blocks-advanced-heading-19f51f1b\" class=\"wp-block-themeisle-blocks-advanced-heading wp-block-themeisle-blocks-advanced-heading-19f51f1b\">PR2<\/h3>\n<\/div>\n\n\n\n<div class=\"wp-block-column is-layout-flow wp-block-column-is-layout-flow\" style=\"flex-basis:90%\">\n<p><mark style=\"background-color:rgba(0, 0, 0, 0)\" class=\"has-inline-color has-neve-link-color-color\"><strong>Avalia\u00e7\u00e3o de Resili\u00eancia Organizacional &amp; Modelo de Maturidade de Resili\u00eancia<\/strong><\/mark><\/p>\n\n\n\n<p>Neste Resultado do Projeto \u00e9 desenhada uma <strong>ferramenta digital<\/strong> que ajuda profissionais e decisores a avaliar os n\u00edveis de resili\u00eancia das suas organiza\u00e7\u00f5es para aumentar a sua resili\u00eancia organizacional. Com base em padr\u00f5es internacionais, foi concebida uma ferramenta digital de avalia\u00e7\u00e3o da resili\u00eancia organizacional a crises para o setor da sa\u00fade, baseada em n\u00edveis \u00f3timos de maturidade de resili\u00eancia.<\/p>\n<\/div>\n<\/div>\n\n\n\n<div class=\"wp-block-columns is-layout-flex wp-container-core-columns-is-layout-9d6595d7 wp-block-columns-is-layout-flex\">\n<div class=\"wp-block-column is-layout-flow wp-block-column-is-layout-flow\" style=\"flex-basis:10%\">\n<h3 id=\"wp-block-themeisle-blocks-advanced-heading-5a76df54\" class=\"wp-block-themeisle-blocks-advanced-heading wp-block-themeisle-blocks-advanced-heading-5a76df54\">PR3<\/h3>\n<\/div>\n\n\n\n<div class=\"wp-block-column is-layout-flow wp-block-column-is-layout-flow\" style=\"flex-basis:90%\">\n<p><mark style=\"background-color:rgba(0, 0, 0, 0)\" class=\"has-inline-color has-neve-link-color-color\"><strong>Avalia\u00e7\u00e3o de Resili\u00eancia Individual &amp; Cria\u00e7\u00e3o de Comunidades de Pr\u00e1tica<\/strong><\/mark><\/p>\n\n\n\n<p>\u00c9 desenvolvida uma <strong>ferramenta digital de avalia\u00e7\u00e3o e interven\u00e7\u00e3o individual<\/strong> para a resili\u00eancia individual para compreender a capacidade individual de crise e encontrar formas de fortalecimento. Al\u00e9m disso, \u00e9 constitu\u00eddo um <strong>reposit\u00f3rio de materiais<\/strong>, documentos (informa\u00e7\u00f5es identificadas e agregadas sobre o tema resili\u00eancia individual). Num pr\u00f3ximo passo, motor de pesquisa inteligente e acess\u00edvel, que potencia a forma\u00e7\u00e3o individual, tamb\u00e9m articulado automaticamente aos reposit\u00f3rios e sites de ag\u00eancias e institui\u00e7\u00f5es nacionais e europeias relevantes para o tema (ferramenta de minera\u00e7\u00e3o de dados para alertas autom\u00e1ticos sobre not\u00edcias, ferramentas e recursos relevantes na \u00e1rea) \u00e9 implementado. Por fim, constr\u00f3i-se uma <strong>rede de profissionais<\/strong> que atuam no setor para compartilhar experi\u00eancias<\/p>\n<\/div>\n<\/div>\n\n\n\n<div class=\"wp-block-columns is-layout-flex wp-container-core-columns-is-layout-9d6595d7 wp-block-columns-is-layout-flex\">\n<div class=\"wp-block-column is-layout-flow wp-block-column-is-layout-flow\" style=\"flex-basis:10%\">\n<h3 id=\"wp-block-themeisle-blocks-advanced-heading-7184ad26\" class=\"wp-block-themeisle-blocks-advanced-heading wp-block-themeisle-blocks-advanced-heading-7184ad26\">PR4<\/h3>\n<\/div>\n\n\n\n<div class=\"wp-block-column is-layout-flow wp-block-column-is-layout-flow\" style=\"flex-basis:90%\">\n<p><mark style=\"background-color:rgba(0, 0, 0, 0)\" class=\"has-inline-color has-neve-link-color-color\"><strong>Estudo de Caso &amp; Simula\u00e7\u00e3o<\/strong><\/mark><\/p>\n\n\n\n<p>Estamos a desenvolver um <strong>estudo de caso, complementado por uma simula\u00e7\u00e3o<\/strong>, que se baseia nas diversas experi\u00eancias partilhadas pelos profissionais de sa\u00fade ao longo do projeto. Esta abordagem de aprendizagem permite que os participantes promovam a sua resili\u00eancia \u00e0 pandemia. Integrando v\u00e1rias perspetivas, o estudo de caso foi concebido para <strong>ilustrar as complexidades e desafios<\/strong> apresentados pelas crises de sa\u00fade, oferecendo uma experi\u00eancia de aprendizagem abrangente.<\/p>\n\n\n\n<p><\/p>\n<\/div>\n<\/div>\n\n\n\n<div class=\"wp-block-columns is-layout-flex wp-container-core-columns-is-layout-9d6595d7 wp-block-columns-is-layout-flex\">\n<div class=\"wp-block-column is-layout-flow wp-block-column-is-layout-flow\" style=\"flex-basis:10%\">\n<h3 id=\"wp-block-themeisle-blocks-advanced-heading-4c37f42d\" class=\"wp-block-themeisle-blocks-advanced-heading wp-block-themeisle-blocks-advanced-heading-4c37f42d\">PR5<\/h3>\n<\/div>\n\n\n\n<div class=\"wp-block-column is-layout-flow wp-block-column-is-layout-flow\" style=\"flex-basis:90%\">\n<p><mark style=\"background-color:rgba(0, 0, 0, 0)\" class=\"has-inline-color has-neve-link-color-color\"><strong>A Experi\u00eancia de Aprendizagem<\/strong><\/mark><\/p>\n\n\n\n<p>\u00c9 desenvolvida uma <strong>solu\u00e7\u00e3o de aprendizagem combinada<\/strong> para um programa de treinamento em resili\u00eancia para o n\u00edvel individual e organizacional. Atrav\u00e9s da identifica\u00e7\u00e3o de compet\u00eancias cr\u00edticas necess\u00e1rias para uma prepara\u00e7\u00e3o adequada em resposta \u00e0 pandemia, \u00e9 desenvolvida uma <strong>forma\u00e7\u00e3o modular de 8 semanas utilizando uma abordagem de aprendizagem combinada<\/strong>. O programa visa responder \u00e0 necessidade por forma\u00e7\u00e3o <strong>breve, eficiente e flex\u00edvel<\/strong> por meio de um programa de alta qualidade, melhorando a acessibilidade \u00e0 educa\u00e7\u00e3o de adultos e atendendo \u00e0s necessidades dos profissionais, usando m\u00e9todos ricos em media para experi\u00eancias de aprendizagem personalizadas.<\/p>\n<\/div>\n<\/div>\n\n\n\n<div class=\"wp-block-columns is-layout-flex wp-container-core-columns-is-layout-9d6595d7 wp-block-columns-is-layout-flex\">\n<div class=\"wp-block-column is-layout-flow wp-block-column-is-layout-flow\" style=\"flex-basis:10%\">\n<h3 id=\"wp-block-themeisle-blocks-advanced-heading-cc5c444f\" class=\"wp-block-themeisle-blocks-advanced-heading wp-block-themeisle-blocks-advanced-heading-cc5c444f\">PR6<\/h3>\n<\/div>\n\n\n\n<div class=\"wp-block-column is-layout-flow wp-block-column-is-layout-flow\" style=\"flex-basis:90%\">\n<p><mark style=\"background-color:rgba(0, 0, 0, 0)\" class=\"has-inline-color has-neve-link-color-color\"><strong>Manual de Transfer\u00eancia<\/strong><\/mark><\/p>\n\n\n\n<p>No <strong>manual de transfer\u00eancia<\/strong>, as principais aprendizagens e os principais resultados de todas as atividades do projeto est\u00e3o resumidos e interligados e abordar\u00e3o <strong>recomenda\u00e7\u00f5es <\/strong>personalizadas a todas as partes interessadas relevantes para garantir a implementa\u00e7\u00e3o sustent\u00e1vel e a mudan\u00e7a para uma melhor sustentabilidade dos resultados do projeto, atrav\u00e9s da <strong>cria\u00e7\u00e3o de redes locais de sensibiliza\u00e7\u00e3o para crises de sa\u00fade<\/strong>.<\/p>\n<\/div>\n<\/div>\n\n\n\n<h2 class=\"wp-block-heading\" id=\"expresults\"><strong><mark style=\"background-color:rgba(0, 0, 0, 0)\" class=\"has-inline-color has-neve-link-color-color\">Pontos fortes da abordagem empower4pandemias<\/mark><\/strong><\/h2>\n\n\n\n<p><strong>A Perspetiva Europeia<\/strong><br>Somos capazes de incorporar <strong>experi\u00eancias de profissionais de sa\u00fade de cinco pa\u00edses europeus<\/strong> no nosso programa. Permite uma perspetiva rica e diversificada sobre como lidar com a pandemia, garantindo que a forma\u00e7\u00e3o seja robusta, culturalmente sens\u00edvel e aplic\u00e1vel em v\u00e1rios ambientes de sa\u00fade. Esta integra\u00e7\u00e3o promove uma abordagem mais hol\u00edstica \u00e0 resili\u00eancia \u00e0 pandemia, aumentando a relev\u00e2ncia e o impacto dos nossos m\u00f3dulos de forma\u00e7\u00e3o.<\/p>\n\n\n\n<p><strong>Desenvolvimento baseado em experi\u00eancias da vida real e aprendizagens de profissionais de sa\u00fade e decisores<\/strong><br>Na fase de desenvolvimento do projeto, foram realizadas extensas entrevistas e estudos de caso organizacionais, envolvendo um amplo espectro de profissionais de sa\u00fade. Seguiu-se a experi\u00eancia piloto e a aplica\u00e7\u00e3o da forma\u00e7\u00e3o, envolvendo partes interessadas de <strong>hospitais, lares de idosos, servi\u00e7os de emerg\u00eancia e \u00f3rg\u00e3os administrativos, garantindo uma abordagem completa e abrangente<\/strong>.<\/p>\n\n\n\n<p><strong>Oportunidades de interc\u00e2mbio \u2013 eventos regulares <\/strong><br>O projeto tamb\u00e9m inclui <strong>v\u00e1rios eventos<\/strong>, incluindo workshops, confer\u00eancias, sess\u00f5es de forma\u00e7\u00e3o e outros encontros destinados a partilhar conhecimento, networking e promover uma comunidade de pr\u00e1tica em torno da resili\u00eancia \u00e0 pandemia nos cuidados de sa\u00fade.<\/p>\n\n\n\n<p><\/p>\n\n\n\n<h2 class=\"wp-block-heading\"><mark style=\"background-color:rgba(0, 0, 0, 0)\" class=\"has-inline-color has-neve-link-color-color\">Usando o projeto empower4pandemias<\/mark><\/h2>\n\n\n\n<p>Tr\u00eas dos nossos <strong>parceiros <\/strong>est\u00e3o preparados para ministrar o <strong>programa de forma\u00e7\u00e3o abrangente<\/strong>. Al\u00e9m disso, os <strong>componentes de e-learning e avalia\u00e7\u00e3o ser\u00e3o disponibilizados para uso mais amplo. Convidamos calorosamente as Institui\u00e7\u00f5es de Ensino Superior, entidades de forma\u00e7\u00e3o profissional e organiza\u00e7\u00f5es de sa\u00fade a contactarem-nos<\/strong>, caso pretendam implementar o conjunto completo de forma\u00e7\u00e3o. Escreva-nos uma mensagem: info[at]empower4pandemias.eu<\/p>\n\n\n\n<p><strong>Globalmente, o projeto Empower4Pandemias visa n\u00e3o apenas fornecer solu\u00e7\u00f5es imediatas, mas tamb\u00e9m promover uma cultura de resili\u00eancia e prepara\u00e7\u00e3o a longo prazo no sector da sa\u00fade, garantindo que os profissionais estejam equipados para gerir e prosperar face \u00e0s pandemias.<\/strong><\/p>\n","protected":false},"excerpt":{"rendered":"<p>Situa\u00e7\u00e3o Problem\u00e1tica A pandemia de COVID-19 sublinhou o papel cr\u00edtico dos sistemas de sa\u00fade e a necessidade urgente de cuidados prim\u00e1rios, secund\u00e1rios e comunit\u00e1rios. Destacou os desafios enfrentados pelas autoridades de sa\u00fade p\u00fablica na cria\u00e7\u00e3o de quadros jur\u00eddicos responsivos e a import\u00e2ncia de dotar os profissionais com as compet\u00eancias e a resili\u00eancia necess\u00e1rias para enfrentar&hellip;&nbsp;<a href=\"https:\/\/empower4pandemias.eu\/pt-pt\/sintese-do-projeto\/\" rel=\"bookmark\">Ler mais &raquo;<span class=\"screen-reader-text\">Projeto<\/span><\/a><\/p>\n","protected":false},"author":5,"featured_media":0,"parent":0,"menu_order":0,"comment_status":"closed","ping_status":"closed","template":"","meta":{"neve_meta_sidebar":"","neve_meta_container":"","neve_meta_enable_content_width":"","neve_meta_content_width":0,"neve_meta_title_alignment":"","neve_meta_author_avatar":"","neve_post_elements_order":"","neve_meta_disable_header":"","neve_meta_disable_footer":"","neve_meta_disable_title":"","_themeisle_gutenberg_block_has_review":false,"footnotes":""},"class_list":["post-877","page","type-page","status-publish","hentry"],"_links":{"self":[{"href":"https:\/\/empower4pandemias.eu\/pt-pt\/wp-json\/wp\/v2\/pages\/877","targetHints":{"allow":["GET"]}}],"collection":[{"href":"https:\/\/empower4pandemias.eu\/pt-pt\/wp-json\/wp\/v2\/pages"}],"about":[{"href":"https:\/\/empower4pandemias.eu\/pt-pt\/wp-json\/wp\/v2\/types\/page"}],"author":[{"embeddable":true,"href":"https:\/\/empower4pandemias.eu\/pt-pt\/wp-json\/wp\/v2\/users\/5"}],"replies":[{"embeddable":true,"href":"https:\/\/empower4pandemias.eu\/pt-pt\/wp-json\/wp\/v2\/comments?post=877"}],"version-history":[{"count":5,"href":"https:\/\/empower4pandemias.eu\/pt-pt\/wp-json\/wp\/v2\/pages\/877\/revisions"}],"predecessor-version":[{"id":879,"href":"https:\/\/empower4pandemias.eu\/pt-pt\/wp-json\/wp\/v2\/pages\/877\/revisions\/879"}],"wp:attachment":[{"href":"https:\/\/empower4pandemias.eu\/pt-pt\/wp-json\/wp\/v2\/media?parent=877"}],"curies":[{"name":"wp","href":"https:\/\/api.w.org\/{rel}","templated":true}]}}