{"id":869,"date":"2023-06-01T23:46:53","date_gmt":"2023-06-01T21:46:53","guid":{"rendered":"https:\/\/empower4pandemias.eu\/?page_id=869"},"modified":"2024-06-27T12:51:20","modified_gmt":"2024-06-27T10:51:20","slug":"consultar-resultados","status":"publish","type":"page","link":"https:\/\/empower4pandemias.eu\/pt-pt\/consultar-resultados\/","title":{"rendered":"Resultados pessoais"},"content":{"rendered":"    <style>\n        .container_results .result {\n            padding: 15px;\n            border: 1px solid #f0f0f0;\n            margin-top: 10px;\n            text-align: center;\n            cursor: pointer;\n            background: #f0f0f0;\n        }\n\n        .container_results .result:hover {\n            background-color: #3A9278;\n            color: #fff;\n        }\n\n        .results_found,\n        .results_search {\n            display: none;\n            margin-bottom: 10px !important;\n        }\n\n        .wrong_code,\n        .results_not_found {\n            display: none;\n        }\n\n        .wrong_code {\n            color: #A7171A;\n        }\n\n        .search-field {\n            border-style: solid;\n            border-color: var(--formfieldbordercolor);\n            border-width: var(--formfieldborderwidth);\n            border-radius: var(--formfieldborderradius, 3px);\n            background: var(--formfieldbgcolor);\n            color: var(--formfieldcolor);\n            padding: var(--formfieldpadding);\n            text-transform: var(--formfieldtexttransform);\n            font-weight: var(--formfieldfontweight);\n            font-family: var(--bodyfontfamily);\n            font-size: var(--formfieldfontsize);\n            letter-spacing: var(--formfieldletterspacing);\n            line-height: var(--formfieldlineheight);\n        }\n\n        .link-survey {\n            color: #000000; \n            text-decoration: none !important;\n        }\n    <\/style>\n\n    <div class=\"col-12 nv-content-none-wrap\">\n        <h5>Introduza o seu c\u00f3digo pessoal para encontrar o seu question\u00e1rio<\/h5>\n        <p>Elementos do c\u00f3digo: 1) a terceira letra do seu primeiro nome; 2) a primeira letra do nome da sua m\u00e3e; 3) a terceira letra do nome da sua m\u00e3e; 4) a primeira letra do apelido de solteira da sua m\u00e3e; 5) a terceira letra do apelido de solteira da sua m\u00e3e; 6) a primeira letra da sua cidade natal; 7) a terceira letra da sua cidade natal; 8) o dia em que nasceu (dia apenas, com dois d\u00edgitos, p. ex. 06).<\/p>\n        <div class=\"nv-seach-form-wrap\">\n            <div class=\"search-form\">\n                <label>\n                    <span class=\"screen-reader-text\">C\u00f3digo...<\/span>\n                <\/label>\n                <input id=\"codeSearch\" type=\"text\" class=\"search-field\" aria-label=\"Search\" placeholder=\"Your code...\" value=\"\" name=\"s\">\n                <button id=\"btnSearch\" type=\"button\" class=\"search-submit nv-submit\" aria-label=\"Code\">\n                    <span class=\"nv-search-icon-wrap\">\n                        <span class=\"nv-icon nv-search\">\n                            <svg width=\"15\" height=\"15\" viewBox=\"0 0 1792 1792\" xmlns=\"http:\/\/www.w3.org\/2000\/svg\">\n                                <path d=\"M1216 832q0-185-131.5-316.5t-316.5-131.5-316.5 131.5-131.5 316.5 131.5 316.5 316.5 131.5 316.5-131.5 131.5-316.5zm512 832q0 52-38 90t-90 38q-54 0-90-38l-343-342q-179 124-399 124-143 0-273.5-55.5t-225-150-150-225-55.5-273.5 55.5-273.5 150-225 225-150 273.5-55.5 273.5 55.5 225 150 150 225 55.5 273.5q0 220-124 399l343 343q37 37 37 90z\"><\/path>\n                            <\/svg>\n                        <\/span> <\/span>\n                <\/button>\n                <\/form>\n            <\/div>\n            <div class=\"results_msg\" style=\"margin-top: 30px;\">\n                <h6 class=\"wrong_code\">Formato de c\u00f3digo inv\u00e1lido<\/h6>\n                <h6 class=\"results_search\">Procurando...<\/h6>\n               \n                <h6 class=\"results_not_found\">Nenhum resultado encontrado!<\/h6>\n            <\/div>\n\n            <div class=\"results_found\">\n                <div id=\"results\" class=\"container_results\"><\/div>\n            <\/div>\n        <\/div>\n        <div class=\"w-100\"><\/div>\n\n        <script>\n            jQuery(\"#btnSearch\").click(function() {\n                if (jQuery('#codeSearch').val().length == 9)\n                    SearchCode();\n                else {\n                    jQuery('.wrong_code').show();\n                    hideResults();\n                }\n            });\n\n            jQuery('#codeSearch').on('keyup', function(event) {\n\n                if (event.keyCode === 13) {\n                    if (jQuery('#codeSearch').val().length == 9)\n                        SearchCode();\n                    else {\n                        jQuery('.wrong_code').show();\n                        hideResults();\n                    }\n                }\n                $(this).blur();\n            });\n\n            function SearchCode() {\n\n                jQuery('.wrong_code').hide();\n\n                jQuery.ajax({\n                    url: 'https:\/\/empower4pandemias.eu\/wp-admin\/admin-ajax.php',\n                    method: 'POST',\n                    data: {\n                        action: 'check_survey_entries',\n                        searchValue: jQuery('#codeSearch').val()\n                    },\n                    beforeSend: function() {\n                        hideResults();\n                        jQuery('.results_search').show();\n                    },\n                    success: function(response) {\n\n                        jQuery('.results_search').hide();\n                        var iSurvey = 1;\n\n                        if (response.length > 0)\n                            jQuery('.results_found').show();\n                        else\n                            jQuery('.results_not_found').show();\n\n                        response.forEach(function(item) {\n\n                            jQuery('#results').append('<a class=\"link-survey\" href=\"results\/?uid=' + item.uid + '\"><div class=\"result\">Survey ' + iSurvey + ' - ' + item.created_at + '<\/div><\/a>');\n                            iSurvey++;\n\n                            \/\/jQuery('.container_results').append(JSON.stringify(item));\n\n                            \/\/window.location.href = \"https:\/\/empower4pandemias.eu\/results\/?uid=\" + item.uid;  \n                        });\n                    },\n                    error: function(xhr, status, error) {\n                        console.log(error);\n                        jQuery('.results_search').hide();\n                    }\n                });\n            }\n\n            function hideResults() {\n                jQuery('.results_found').hide();\n                jQuery('.results_not_found').hide();\n                jQuery('#results').empty();\n            }\n        <\/script>\n    \n","protected":false},"excerpt":{"rendered":"","protected":false},"author":5,"featured_media":0,"parent":0,"menu_order":0,"comment_status":"closed","ping_status":"closed","template":"","meta":{"neve_meta_sidebar":"","neve_meta_container":"","neve_meta_enable_content_width":"","neve_meta_content_width":0,"neve_meta_title_alignment":"","neve_meta_author_avatar":"","neve_post_elements_order":"","neve_meta_disable_header":"","neve_meta_disable_footer":"","neve_meta_disable_title":"","_themeisle_gutenberg_block_has_review":false,"footnotes":""},"class_list":["post-869","page","type-page","status-publish","hentry"],"_links":{"self":[{"href":"https:\/\/empower4pandemias.eu\/pt-pt\/wp-json\/wp\/v2\/pages\/869","targetHints":{"allow":["GET"]}}],"collection":[{"href":"https:\/\/empower4pandemias.eu\/pt-pt\/wp-json\/wp\/v2\/pages"}],"about":[{"href":"https:\/\/empower4pandemias.eu\/pt-pt\/wp-json\/wp\/v2\/types\/page"}],"author":[{"embeddable":true,"href":"https:\/\/empower4pandemias.eu\/pt-pt\/wp-json\/wp\/v2\/users\/5"}],"replies":[{"embeddable":true,"href":"https:\/\/empower4pandemias.eu\/pt-pt\/wp-json\/wp\/v2\/comments?post=869"}],"version-history":[{"count":4,"href":"https:\/\/empower4pandemias.eu\/pt-pt\/wp-json\/wp\/v2\/pages\/869\/revisions"}],"predecessor-version":[{"id":1070,"href":"https:\/\/empower4pandemias.eu\/pt-pt\/wp-json\/wp\/v2\/pages\/869\/revisions\/1070"}],"wp:attachment":[{"href":"https:\/\/empower4pandemias.eu\/pt-pt\/wp-json\/wp\/v2\/media?parent=869"}],"curies":[{"name":"wp","href":"https:\/\/api.w.org\/{rel}","templated":true}]}}