{"id":898,"date":"2022-05-26T22:08:50","date_gmt":"2022-05-26T20:08:50","guid":{"rendered":"https:\/\/empower4pandemias.eu\/?page_id=898"},"modified":"2024-06-25T13:40:03","modified_gmt":"2024-06-25T11:40:03","slug":"sintesi-del-progetto","status":"publish","type":"page","link":"https:\/\/empower4pandemias.eu\/it\/sintesi-del-progetto\/","title":{"rendered":"Progetto"},"content":{"rendered":"\n<h2 class=\"wp-block-heading\" id=\"context\"><mark style=\"background-color:rgba(0, 0, 0, 0)\" class=\"has-inline-color has-neve-link-color-color\"><strong><strong>Contesto del problema<\/strong><\/strong><\/mark><\/h2>\n\n\n\n<p>La pandemia COVID-19 ha evidenziato il ruolo critico dei sistemi sanitari e l\u2019urgente necessit\u00e0 di un\u2019assistenza primaria, secondaria e comunitaria pi\u00f9 funzionale. Ha messo in luce le sfide che le autorit\u00e0 sanitarie pubbliche devono affrontare per creare quadri giuridici pi\u00f9 reattivi e l\u2019importanza di dotare i professionisti delle competenze e della resilienza necessarie per affrontare tali crisi. Il concetto di resilienza \u00e8 diventato fondamentale, attraverso il <strong>rafforzamento dei meccanismi di <em>coping<\/em> adattivi a livello individuale, di gruppo e organizzativo, col fine di promuovere una risposta solida<\/strong> alle sfide ambientali.<\/p>\n\n\n\n<p><\/p>\n\n\n\n<h2 class=\"wp-block-heading\" id=\"objective\"><mark style=\"background-color:rgba(0, 0, 0, 0)\" class=\"has-inline-color has-neve-link-color-color\"><strong>Obiettivi del Progetto<\/strong><\/mark><\/h2>\n\n\n\n<p>Sulla base delle lezioni apprese durante la pandemia Covid-19, questo progetto intende innanzitutto <strong>individuare quali competenze possono rafforzare la resilienza individuale e organizzativa<\/strong> e, in secondo luogo, <strong>rendere queste competenze operative attraverso esperienze di apprendimento innovative<\/strong> grazie a un insieme di ambienti di apprendimento diversi:<\/p>\n\n\n\n<ul class=\"wp-block-list\">\n<li>Sviluppare un modello che descriva quali competenze sono necessarie per la resilienza alle pandemie.<\/li>\n\n\n\n<li>Uno screening organizzativo e individuale consentir\u00e0 di valutare le competenze rilevanti per la resilienza alla pandemia.<\/li>\n\n\n\n<li>Implementare un ambiente di apprendimento ibrido che combini l\u2019e-learning e le sessioni dal vivo, grazie ad unit\u00e0 di apprendimento modulari.<\/li>\n\n\n\n<li>Impegnarsi in scenari di crisi per migliorare le capacit\u00e0 di risoluzione dei problemi.<\/li>\n<\/ul>\n\n\n\n<p>Questo tipo di formazione ha l\u2019obiettivo di aumentare la consapevolezza e di dotare i professionisti di strategie efficaci di coping e di recupero per la gestione delle crisi pandemiche.<\/p>\n\n\n\n<p><\/p>\n\n\n\n<h2 class=\"wp-block-heading\"><strong><mark style=\"background-color:rgba(0, 0, 0, 0)\" class=\"has-inline-color has-neve-link-color-color\"><strong>La cassetta degli attrezzi di empower4pandemias<\/strong><\/mark><\/strong><\/h2>\n\n\n\n<p><strong><strong>I risultati chiave del progetto saranno i seguenti sei (PR 1-6):<\/strong><\/strong><\/p>\n\n\n\n<div class=\"wp-block-columns is-layout-flex wp-container-core-columns-is-layout-9d6595d7 wp-block-columns-is-layout-flex\">\n<div class=\"wp-block-column is-layout-flow wp-block-column-is-layout-flow\" style=\"flex-basis:10%\">\n<h3 id=\"wp-block-themeisle-blocks-advanced-heading-1bb0c93d\" class=\"wp-block-themeisle-blocks-advanced-heading wp-block-themeisle-blocks-advanced-heading-1bb0c93d\">PR1 <\/h3>\n\n\n\n<p><\/p>\n<\/div>\n\n\n\n<div class=\"wp-block-column is-layout-flow wp-block-column-is-layout-flow\" style=\"flex-basis:90%\">\n<p><mark style=\"background-color:rgba(0, 0, 0, 0)\" class=\"has-inline-color has-neve-link-color-color\"><strong><strong>Sviluppo di un Modello delle Competenze<\/strong><\/strong><\/mark><br><br>La fase iniziale del progetto Empower4Pandemias si concentra sullo sviluppo di un <strong>modello delle competenze necessarie per la resilienza<\/strong>. Questo modello enfatizza le <strong>competenze individuali e le capacit\u00e0 organizzative<\/strong> necessarie per affrontare le crisi sanitarie. \u00c8 stato elaborato sulla base di un&#8217;ampia ricerca bibliografica e di oltre <strong>50 interviste approfondite<\/strong> con operatori sanitari di cinque Paesi europei per promuovere le pratiche quotidiane nei contesti sanitari, in particolare in condizioni di pandemia.<\/p>\n<\/div>\n<\/div>\n\n\n\n<div class=\"wp-block-columns is-layout-flex wp-container-core-columns-is-layout-9d6595d7 wp-block-columns-is-layout-flex\">\n<div class=\"wp-block-column is-layout-flow wp-block-column-is-layout-flow\" style=\"flex-basis:10%\">\n<h3 id=\"wp-block-themeisle-blocks-advanced-heading-19f51f1b\" class=\"wp-block-themeisle-blocks-advanced-heading wp-block-themeisle-blocks-advanced-heading-19f51f1b\">PR2<\/h3>\n<\/div>\n\n\n\n<div class=\"wp-block-column is-layout-flow wp-block-column-is-layout-flow\" style=\"flex-basis:90%\">\n<p><mark style=\"background-color:rgba(0, 0, 0, 0)\" class=\"has-inline-color has-neve-link-color-color\"><strong><strong>Valutazione della Resilienza Organizzativa &amp; Modello di Maturit\u00e0 della Resilienza<\/strong><\/strong><\/mark><\/p>\n\n\n\n<p>In questo progetto \u00e8 stato progettato uno <strong>strumento digitale<\/strong> che aiuta i professionisti e i decisori a valutare i livelli di resilienza delle loro organizzazioni\u02c8 per migliorare la loro resilienza organizzativa. Sulla base di standard internazionali \u00e8 stato progettato uno strumento digitale di valutazione della resilienza alle crisi organizzative per il settore sanitario, costruito su livelli ottimali di maturit\u00e0 della resilienza.<\/p>\n<\/div>\n<\/div>\n\n\n\n<div class=\"wp-block-columns is-layout-flex wp-container-core-columns-is-layout-9d6595d7 wp-block-columns-is-layout-flex\">\n<div class=\"wp-block-column is-layout-flow wp-block-column-is-layout-flow\" style=\"flex-basis:10%\">\n<h3 id=\"wp-block-themeisle-blocks-advanced-heading-5a76df54\" class=\"wp-block-themeisle-blocks-advanced-heading wp-block-themeisle-blocks-advanced-heading-5a76df54\">PR3<\/h3>\n<\/div>\n\n\n\n<div class=\"wp-block-column is-layout-flow wp-block-column-is-layout-flow\" style=\"flex-basis:90%\">\n<p><mark style=\"background-color:rgba(0, 0, 0, 0)\" class=\"has-inline-color has-neve-link-color-color\"><strong><strong>Valutazione della Resilienza Individuale &amp; Creazione di Comunit\u00e0 di Pratiche<\/strong><\/strong><\/mark><\/p>\n\n\n\n<p>\u00c8 stato sviluppato <strong>uno strumento digitale di valutazione individuale e di intervento<\/strong> per la resilienza individuale, per comprendere la capacit\u00e0 di affrontare crisi a livello individuale e trovare modi per rafforzarla. Inoltre, viene costituito un <strong>archivio di materiali<\/strong> e documenti (informazioni identificate e aggregate sul tema della resilienza individuale). In un secondo momento, viene implementato un motore di ricerca intelligente e accessibile che valorizza la formazione individuale, collegandosi anche in modo automatico agli archivi e ai siti web di agenzie e istituzioni nazionali ed europee rilevanti per l\u2019argomento (strumento di <em>data mining<\/em> per avvisi automatici su notizie, strumenti e risorse rilevanti nell\u2019area). Infine, viene costruita una <strong>rete di professionisti<\/strong> che operano nel settore con lo scopo di condividere le esperienze.<\/p>\n<\/div>\n<\/div>\n\n\n\n<div class=\"wp-block-columns is-layout-flex wp-container-core-columns-is-layout-9d6595d7 wp-block-columns-is-layout-flex\">\n<div class=\"wp-block-column is-layout-flow wp-block-column-is-layout-flow\" style=\"flex-basis:10%\">\n<h3 id=\"wp-block-themeisle-blocks-advanced-heading-7184ad26\" class=\"wp-block-themeisle-blocks-advanced-heading wp-block-themeisle-blocks-advanced-heading-7184ad26\">PR4<\/h3>\n<\/div>\n\n\n\n<div class=\"wp-block-column is-layout-flow wp-block-column-is-layout-flow\" style=\"flex-basis:90%\">\n<p><mark style=\"background-color:rgba(0, 0, 0, 0)\" class=\"has-inline-color has-neve-link-color-color\"><strong><strong>Caso di Studio &amp; Simulazione<\/strong><\/strong><\/mark><\/p>\n\n\n\n<p>Stiamo sviluppando un <strong>caso di studio (integrato da una simulazione)<\/strong> che attinge alle esperienze di ampio respiro condivise dagli operatori sanitari nel corso del progetto. Questa tipologia di apprendimento consente ai partecipanti di rafforzare la propria resilienza alla pandemia. Integrando diverse prospettive, il caso di studio \u00e8 progettato per <strong>illustrare le complessit\u00e0 e le sfide<\/strong> presentate dalle crisi sanitarie, offrendo un\u2019esperienza di apprendimento completa.<\/p>\n\n\n\n<p><\/p>\n<\/div>\n<\/div>\n\n\n\n<div class=\"wp-block-columns is-layout-flex wp-container-core-columns-is-layout-9d6595d7 wp-block-columns-is-layout-flex\">\n<div class=\"wp-block-column is-layout-flow wp-block-column-is-layout-flow\" style=\"flex-basis:10%\">\n<h3 id=\"wp-block-themeisle-blocks-advanced-heading-4c37f42d\" class=\"wp-block-themeisle-blocks-advanced-heading wp-block-themeisle-blocks-advanced-heading-4c37f42d\">PR5<\/h3>\n<\/div>\n\n\n\n<div class=\"wp-block-column is-layout-flow wp-block-column-is-layout-flow\" style=\"flex-basis:90%\">\n<p><mark style=\"background-color:rgba(0, 0, 0, 0)\" class=\"has-inline-color has-neve-link-color-color\"><strong><strong>L&#8217;Esperienza di Apprendimento<\/strong><\/strong><\/mark><\/p>\n\n\n\n<p>Viene sviluppata <strong>una prospettiva di apprendimento ibrida<\/strong> per un programma di formazione sulla resilienza a livello individuale e organizzativo. Attraverso l\u2019identificazione delle competenze critiche necessarie per essere adeguatamente preparati a rispondere alla pandemia, \u00e8 stata sviluppata una <strong>formazione modulare di 8 settimane che utilizza un approccio di apprendimento misto<\/strong>. Il programma mira a soddisfare la domanda di formazione <strong>breve, efficiente e flessibile<\/strong> attraverso un programma di alta qualit\u00e0, migliorando l\u2019accessibilit\u00e0 alla formazione degli adulti e rispondendo alle esigenze dei professionisti. Utilizza metodi interattivi per esperienze di apprendimento personalizzate.<\/p>\n<\/div>\n<\/div>\n\n\n\n<div class=\"wp-block-columns is-layout-flex wp-container-core-columns-is-layout-9d6595d7 wp-block-columns-is-layout-flex\">\n<div class=\"wp-block-column is-layout-flow wp-block-column-is-layout-flow\" style=\"flex-basis:10%\">\n<h3 id=\"wp-block-themeisle-blocks-advanced-heading-cc5c444f\" class=\"wp-block-themeisle-blocks-advanced-heading wp-block-themeisle-blocks-advanced-heading-cc5c444f\">PR6<\/h3>\n<\/div>\n\n\n\n<div class=\"wp-block-column is-layout-flow wp-block-column-is-layout-flow\" style=\"flex-basis:90%\">\n<p><mark style=\"background-color:rgba(0, 0, 0, 0)\" class=\"has-inline-color has-neve-link-color-color\"><strong><strong>Manuale di Trasferimento delle conoscenze<\/strong><\/strong><\/mark><\/p>\n\n\n\n<p>Nel <strong>manuale di trasferimento<\/strong> delle conoscenze sono riassunti e interconnessi le lezioni apprese e i risultati chiave di tutte le attivit\u00e0 del progetto; saranno formulate <strong>raccomandazioni<\/strong> personalizzate a tutti i soggetti interessati per garantire un\u2019attuazione e un cambiamento sostenibili dei risultati del progetto attraverso la <strong>creazione di reti locali di sensibilizzazione sulle crisi sanitarie<\/strong>.<\/p>\n<\/div>\n<\/div>\n\n\n\n<h2 class=\"wp-block-heading\" id=\"expresults\"><strong><mark style=\"background-color:rgba(0, 0, 0, 0)\" class=\"has-inline-color has-neve-link-color-color\"><strong>Punti di forza dell&#8217;approccio empower4pandemias<\/strong><\/mark><\/strong><\/h2>\n\n\n\n<p><strong>La prospettiva europea<\/strong><br>Incorporiamo nel nostro programma <strong>le esperienze degli operatori sanitari di cinque Paesi europei<\/strong>. Ci\u00f2 consente di avere una prospettiva ampia e diversificata sulla gestione della pandemia, garantendo che la formazione sia solida, sensibile alle differenze culturali e applicabile in diversi contesti sanitari. Questa integrazione favorisce un approccio pi\u00f9 olistico alla resilienza alla pandemia, migliorando la rilevanza e l\u2019impatto dei nostri moduli formativi.<\/p>\n\n\n\n<p><strong>Sviluppo basato su esperienze di vita reale e sull&#8217;apprendimento da parte di operatori sanitari e decisori politici<\/strong><br>Nella fase di sviluppo del progetto sono state condotte interviste approfondite e studi di casi organizzativi, coinvolgendo un ampio spettro di professionisti della sanit\u00e0. A ci\u00f2 \u00e8 seguita una fase di test e di somministrazione dei moduli di formazione, attraverso il coinvolgimento di stakeholder di <strong>ospedali, case di cura, servizi di emergenza e organi amministrativi, per garantire un approccio completo.<\/strong><\/p>\n\n\n\n<p><strong><strong>Opportunit\u00e0 di scambio &#8211; eventi periodici<\/strong> <\/strong><br>Il progetto prevede anche <strong>diversi eventi<\/strong>, tra cui workshop, conferenze, sessioni di formazione e altri incontri finalizzati alla condivisione delle conoscenze, alla creazione di reti e alla promozione di una comunit\u00e0 di pratiche sulla resilienza alle pandemie in ambito sanitario.<\/p>\n\n\n\n<p><\/p>\n\n\n\n<h2 class=\"wp-block-heading\"><mark style=\"background-color:rgba(0, 0, 0, 0)\" class=\"has-inline-color has-neve-link-color-color\"><strong>Utilizzo del programma di formazione di empower4pandemias<\/strong><\/mark><\/h2>\n\n\n\n<p>Tre dei nostri <strong>partner<\/strong> sono stati preparati per somministrare il <strong>programma di formazione completo<\/strong>. Inoltre, le <strong>componenti di e-learning e di valutazione saranno rese disponibili per un uso pi\u00f9 ampio. Invitiamo gli istituti di istruzione superiore, gli enti di formazione professionale e le organizzazioni sanitarie a contattarci<\/strong>, se desiderano implementare l\u2019intero pacchetto formativo. Scriveteci un messaggio a questo inidirizzo e-mail: info[at]empower4pandemias.eu<\/p>\n\n\n\n<p><strong><strong>Nel complesso, il progetto Empowerment4Pandemias mira non solo a fornire soluzioni immediate, ma anche a promuovere una cultura a lungo termine di resilienza e preparazione all\u2019interno del settore sanitario, garantendo che i professionisti siano attrezzati per gestire e far fronte alle pandemie.<\/strong><\/strong><\/p>\n","protected":false},"excerpt":{"rendered":"<p>Contesto del problema La pandemia COVID-19 ha evidenziato il ruolo critico dei sistemi sanitari e l\u2019urgente necessit\u00e0 di un\u2019assistenza primaria, secondaria e comunitaria pi\u00f9 funzionale. Ha messo in luce le sfide che le autorit\u00e0 sanitarie pubbliche devono affrontare per creare quadri giuridici pi\u00f9 reattivi e l\u2019importanza di dotare i professionisti delle competenze e della resilienza&hellip;&nbsp;<a href=\"https:\/\/empower4pandemias.eu\/it\/sintesi-del-progetto\/\" rel=\"bookmark\">Leggi tutto &raquo;<span class=\"screen-reader-text\">Progetto<\/span><\/a><\/p>\n","protected":false},"author":5,"featured_media":0,"parent":0,"menu_order":0,"comment_status":"closed","ping_status":"closed","template":"","meta":{"neve_meta_sidebar":"","neve_meta_container":"","neve_meta_enable_content_width":"","neve_meta_content_width":0,"neve_meta_title_alignment":"","neve_meta_author_avatar":"","neve_post_elements_order":"","neve_meta_disable_header":"","neve_meta_disable_footer":"","neve_meta_disable_title":"","_themeisle_gutenberg_block_has_review":false,"footnotes":""},"class_list":["post-898","page","type-page","status-publish","hentry"],"_links":{"self":[{"href":"https:\/\/empower4pandemias.eu\/it\/wp-json\/wp\/v2\/pages\/898","targetHints":{"allow":["GET"]}}],"collection":[{"href":"https:\/\/empower4pandemias.eu\/it\/wp-json\/wp\/v2\/pages"}],"about":[{"href":"https:\/\/empower4pandemias.eu\/it\/wp-json\/wp\/v2\/types\/page"}],"author":[{"embeddable":true,"href":"https:\/\/empower4pandemias.eu\/it\/wp-json\/wp\/v2\/users\/5"}],"replies":[{"embeddable":true,"href":"https:\/\/empower4pandemias.eu\/it\/wp-json\/wp\/v2\/comments?post=898"}],"version-history":[{"count":4,"href":"https:\/\/empower4pandemias.eu\/it\/wp-json\/wp\/v2\/pages\/898\/revisions"}],"predecessor-version":[{"id":1058,"href":"https:\/\/empower4pandemias.eu\/it\/wp-json\/wp\/v2\/pages\/898\/revisions\/1058"}],"wp:attachment":[{"href":"https:\/\/empower4pandemias.eu\/it\/wp-json\/wp\/v2\/media?parent=898"}],"curies":[{"name":"wp","href":"https:\/\/api.w.org\/{rel}","templated":true}]}}