{"id":895,"date":"2022-05-26T22:08:50","date_gmt":"2022-05-26T20:08:50","guid":{"rendered":"https:\/\/empower4pandemias.eu\/?page_id=895"},"modified":"2024-10-14T13:48:19","modified_gmt":"2024-10-14T11:48:19","slug":"projektzusammenfassung","status":"publish","type":"page","link":"https:\/\/empower4pandemias.eu\/de\/projektzusammenfassung\/","title":{"rendered":"Projekt"},"content":{"rendered":"\n<h2 class=\"wp-block-heading\" id=\"context\"><mark style=\"background-color:rgba(0, 0, 0, 0)\" class=\"has-inline-color has-neve-link-color-color\"><strong>Problemsituation<\/strong><\/mark><\/h2>\n\n\n\n<p>Die COVID-19-Pandemie hat gezeigt, wie wichtig es ist, dass unsere Gesundheitssysteme gut funktionieren und dass wir eine zuverl\u00e4ssige Versorgung in allen Bereichen brauchen. Sie hat auch klar gemacht, dass unsere Gesundheitsbeh\u00f6rden flexibel auf neue Herausforderungen reagieren m\u00fcssen. Unser Projekt zielt darauf ab, <strong>Fachkr\u00e4fte mit den F\u00e4higkeiten und der Resilienz auszustatten, die sie brauchen, um solche Krisen zu meistern<\/strong>. Resilienz, also die F\u00e4higkeit, sich anzupassen und stark zu bleiben, ist der Schl\u00fcssel, um gut auf zuk\u00fcnftige Herausforderungen und Gesundheitskrisen reagieren zu k\u00f6nnen.<\/p>\n\n\n\n<p><\/p>\n\n\n\n<h2 class=\"wp-block-heading\" id=\"objective\"><mark style=\"background-color:rgba(0, 0, 0, 0)\" class=\"has-inline-color has-neve-link-color-color\"><strong>Projektziele<\/strong><\/mark><\/h2>\n\n\n\n<p>Aufbauend auf den Erfahrungen aus der COVID-19-Pandemie zielt dieses Projekt darauf ab, wesentliche Kompetenzen f\u00fcr die Pandemie-Resilienz zu definieren und in eine praxisnahe Lernerfahrungen umzusetzen, um die Resilienz zu st\u00e4rken. Die Hauptziele sind:<\/p>\n\n\n\n<ul class=\"wp-block-list\">\n<li>Entwicklung eines Modells, das die Schl\u00fcsselkompetenzen f\u00fcr Pandemie-Resilienz beschreibt.<\/li>\n\n\n\n<li>Bewertung dieser Kompetenzen durch Assessmenttools auf individueller und organisationaler Ebene<\/li>\n\n\n\n<li>Aufbau eines Trainingsprogramms, bestehend aus e-learning Modulen und Pr\u00e4senzeinheiten zur St\u00e4rkung der Pandemie-Resilienz<\/li>\n\n\n\n<li>Nutzung realistischer Fallstudien zum Austausch und der Verbesserung der Probleml\u00f6sungsf\u00e4higkeiten<\/li>\n<\/ul>\n\n\n\n<p><\/p>\n\n\n\n<h2 class=\"wp-block-heading\"><strong><mark style=\"background-color:rgba(0, 0, 0, 0)\" class=\"has-inline-color has-neve-link-color-color\"><strong>Die Empowerment for Pandemias-Toolbox<\/strong><\/mark><\/strong><\/h2>\n\n\n\n<p><strong><strong>Die Schl\u00fcsselergebnisse dieses Projekts (PR 1-6):<\/strong><\/strong><\/p>\n\n\n\n<div class=\"wp-block-columns is-layout-flex wp-container-core-columns-is-layout-9d6595d7 wp-block-columns-is-layout-flex\">\n<div class=\"wp-block-column is-layout-flow wp-block-column-is-layout-flow\" style=\"flex-basis:10%\">\n<h3 id=\"wp-block-themeisle-blocks-advanced-heading-1bb0c93d\" class=\"wp-block-themeisle-blocks-advanced-heading wp-block-themeisle-blocks-advanced-heading-1bb0c93d\">PR1 <\/h3>\n\n\n\n<p><\/p>\n<\/div>\n\n\n\n<div class=\"wp-block-column is-layout-flow wp-block-column-is-layout-flow\" style=\"flex-basis:90%\">\n<p><mark style=\"background-color:rgba(0, 0, 0, 0)\" class=\"has-inline-color has-neve-link-color-color\"><strong><strong>Entwicklung eines Kompetenzmodells<\/strong><\/strong><\/mark><br><br>Die erste Phase des Projekts widmet sich der Entwicklung eines <strong>Kompetenzmodells <\/strong>zur Pandemie-Resilienz. Dieses Modell hebt die <strong>individuellen und organisatorischen F\u00e4higkeiten<\/strong> hervor, die zur Bew\u00e4ltigung von Gesundheitskrisen notwendig sind. Es basiert auf einer umfangreichen Literaturrecherche und mehr als <strong>50 Interviews mit Gesundheitsfachkr\u00e4ften aus f\u00fcnf europ\u00e4ischen L\u00e4ndern.<\/strong> Ziel ist es, die allt\u00e4glichen Praktiken im Gesundheitswesen, insbesondere unter Pandemiebedingungen, zu verbessern.<\/p>\n<\/div>\n<\/div>\n\n\n\n<div class=\"wp-block-columns is-layout-flex wp-container-core-columns-is-layout-9d6595d7 wp-block-columns-is-layout-flex\">\n<div class=\"wp-block-column is-layout-flow wp-block-column-is-layout-flow\" style=\"flex-basis:10%\">\n<h3 id=\"wp-block-themeisle-blocks-advanced-heading-19f51f1b\" class=\"wp-block-themeisle-blocks-advanced-heading wp-block-themeisle-blocks-advanced-heading-19f51f1b\">PR2<\/h3>\n<\/div>\n\n\n\n<div class=\"wp-block-column is-layout-flow wp-block-column-is-layout-flow\" style=\"flex-basis:90%\">\n<p><mark style=\"background-color:rgba(0, 0, 0, 0)\" class=\"has-inline-color has-neve-link-color-color\"><strong><strong>Bewertung der organisationalen Resilienz &amp; Reifegradmodell der Resilienz<\/strong><\/strong><\/mark><\/p>\n\n\n\n<p>Im Rahmen dieses Projektteils entsteht ein digitales<strong> Assessment-Tool,<\/strong> basierend auf internationalen Standards, das F\u00fchrungskr\u00e4ften und Entscheidungstr\u00e4ger:innen erm\u00f6glicht, die <strong>Resilienz ihrer Organisationen besser einzusch\u00e4tzen<\/strong> und zu verstehen. Ziel ist es, Organisationen im Gesundheitswesen dabei zu unterst\u00fctzen, ihre Resilienz zu verbessern und somit besser auf zuk\u00fcnftige Krisen vorbereitet zu sein.<\/p>\n<\/div>\n<\/div>\n\n\n\n<div class=\"wp-block-columns is-layout-flex wp-container-core-columns-is-layout-9d6595d7 wp-block-columns-is-layout-flex\">\n<div class=\"wp-block-column is-layout-flow wp-block-column-is-layout-flow\" style=\"flex-basis:10%\">\n<h3 id=\"wp-block-themeisle-blocks-advanced-heading-5a76df54\" class=\"wp-block-themeisle-blocks-advanced-heading wp-block-themeisle-blocks-advanced-heading-5a76df54\">PR3<\/h3>\n<\/div>\n\n\n\n<div class=\"wp-block-column is-layout-flow wp-block-column-is-layout-flow\" style=\"flex-basis:90%\">\n<p><mark style=\"background-color:rgba(0, 0, 0, 0)\" class=\"has-inline-color has-neve-link-color-color\"><strong><strong>Bewertung der individuellen Resilienz &amp; Communities of Practice<\/strong><\/strong><\/mark><\/p>\n\n\n\n<p><strong>Ein digitales Assessment-Tool<\/strong> f\u00fcr individuelle Resilienz wird entwickelt, um die individuelle Krisenkapazit\u00e4t zu verstehen und Wege zur St\u00e4rkung zu finden. Weiterhin wird ein <strong>Repositorium aus n\u00fctzlichen Materialien<\/strong> und Dokumenten zu diesem Thema erstellt. Au\u00dferdem soll ein <strong>Netzwerk von Fachleuten<\/strong>, die im Gesundheitsbereich arbeiten, um Erfahrungen auszutauschen, aufgebaut werden.<\/p>\n<\/div>\n<\/div>\n\n\n\n<div class=\"wp-block-columns is-layout-flex wp-container-core-columns-is-layout-9d6595d7 wp-block-columns-is-layout-flex\">\n<div class=\"wp-block-column is-layout-flow wp-block-column-is-layout-flow\" style=\"flex-basis:10%\">\n<h3 id=\"wp-block-themeisle-blocks-advanced-heading-7184ad26\" class=\"wp-block-themeisle-blocks-advanced-heading wp-block-themeisle-blocks-advanced-heading-7184ad26\">PR4<\/h3>\n<\/div>\n\n\n\n<div class=\"wp-block-column is-layout-flow wp-block-column-is-layout-flow\" style=\"flex-basis:90%\">\n<p><mark style=\"background-color:rgba(0, 0, 0, 0)\" class=\"has-inline-color has-neve-link-color-color\"><strong><strong>Fallstudie &amp; Simulation<\/strong><\/strong><\/mark><\/p>\n\n\n\n<p>Wir entwickeln eine <strong>praxisnahe Fallstudie<\/strong>, die auf den Erfahrungen von Gesundheitsfachkr\u00e4ften w\u00e4hrend der Pandemie basiert. Dieser Ansatz erm\u00f6glicht es den Teilnehmer:innen, ihre F\u00e4higkeiten zur Bew\u00e4ltigung von Pandemien zu st\u00e4rken. Die Fallstudie<strong> ber\u00fccksichtigt unterschiedliche Perspektiven und beleuchtet die vielf\u00e4ltigen Herausforderungen und komplexen Situationen<\/strong>, die in Gesundheitskrisen auftreten k\u00f6nnen, um eine tiefgehende und realit\u00e4tsnahe Lernerfahrung zu bieten.<\/p>\n<\/div>\n<\/div>\n\n\n\n<div class=\"wp-block-columns is-layout-flex wp-container-core-columns-is-layout-9d6595d7 wp-block-columns-is-layout-flex\">\n<div class=\"wp-block-column is-layout-flow wp-block-column-is-layout-flow\" style=\"flex-basis:10%\">\n<h3 id=\"wp-block-themeisle-blocks-advanced-heading-4c37f42d\" class=\"wp-block-themeisle-blocks-advanced-heading wp-block-themeisle-blocks-advanced-heading-4c37f42d\">PR5<\/h3>\n<\/div>\n\n\n\n<div class=\"wp-block-column is-layout-flow wp-block-column-is-layout-flow\" style=\"flex-basis:90%\">\n<p><mark style=\"background-color:rgba(0, 0, 0, 0)\" class=\"has-inline-color has-neve-link-color-color\"><strong><strong>Das Lernerlebnis<\/strong><\/strong><\/mark><\/p>\n\n\n\n<p>Wir entwickeln ein <strong>Resilienz-Trainingsprogramm,<\/strong> das sowohl auf individueller als auch auf organisationaler Ebene ansetzt und einen blended-Learning-Ansatz verfolgt. Dieses modulare Training erstreckt sich \u00fcber <strong>8-10 Wochen<\/strong>, bestehend aus Pr\u00e4senz- und e-learning Einheiten, und erm\u00f6glicht eine <strong>flexible Weiterbildung<\/strong> zur St\u00e4rkung der Pandemie-Resilienz. Das Programm nutzt unterschiedliche Methoden, um personalisierte Lernerfahrungen zu schaffen und die Teilnehmer:innen optimal auf zuk\u00fcnftige Herausforderungen vorzubereiten.<\/p>\n<\/div>\n<\/div>\n\n\n\n<div class=\"wp-block-columns is-layout-flex wp-container-core-columns-is-layout-9d6595d7 wp-block-columns-is-layout-flex\">\n<div class=\"wp-block-column is-layout-flow wp-block-column-is-layout-flow\" style=\"flex-basis:10%\">\n<h3 id=\"wp-block-themeisle-blocks-advanced-heading-cc5c444f\" class=\"wp-block-themeisle-blocks-advanced-heading wp-block-themeisle-blocks-advanced-heading-cc5c444f\">PR6<\/h3>\n<\/div>\n\n\n\n<div class=\"wp-block-column is-layout-flow wp-block-column-is-layout-flow\" style=\"flex-basis:90%\">\n<p><mark style=\"background-color:rgba(0, 0, 0, 0)\" class=\"has-inline-color has-neve-link-color-color\"><strong><strong>Transferhandbuch<\/strong><\/strong><\/mark><\/p>\n\n\n\n<p>Im <strong>Transferhandbuch<\/strong> werden die wichtigsten Erkenntnisse und Schl\u00fcsselergebnisse aller Projektaktivit\u00e4ten zusammengefasst und verkn\u00fcpft und adressieren ma\u00dfgeschneiderte Empfehlungen an alle relevanten Stakeholder, um eine nachhaltige Implementierung der Projektergebnisse durch die <strong>Einrichtung lokaler Netzwerke zur Bewusstseinsbildung in Gesundheitskrisen<\/strong> zu gew\u00e4hrleisten.<\/p>\n<\/div>\n<\/div>\n\n\n\n<h2 class=\"wp-block-heading\" id=\"expresults\"><strong><mark style=\"background-color:rgba(0, 0, 0, 0)\" class=\"has-inline-color has-neve-link-color-color\"><strong>St\u00e4rken des Empowerment for Pandemias-Ansatzes<\/strong><\/mark><\/strong><\/h2>\n\n\n\n<p><strong><strong>Die europ\u00e4ische Perspektive<\/strong><\/strong><br>Wir k\u00f6nnen <strong>Erfahrungen von Gesundheitsarbeitern aus f\u00fcnf europ\u00e4ischen L\u00e4ndern<\/strong> in unser Programm einbeziehen. Dies erm\u00f6glicht eine umfangreiche, vielf\u00e4ltige Perspektive auf den Umgang mit Pandemien und stellt sicher, dass das Training robust, kulturell sensibel und in verschiedenen Gesundheitseinstellungen anwendbar ist. Diese Integration f\u00f6rdert einen ganzheitlichen Ansatz zur Pandemie-Resilienz und erh\u00f6ht die Relevanz und Wirkung unserer Trainingsmodule.<\/p>\n\n\n\n<p><strong><strong>Entwicklung basierend auf realen Erfahrungen und Lernergebnissen von Fachkr\u00e4ften und Entscheidungstr\u00e4ger:innen<\/strong><\/strong><br>In der Entwicklungsphase des Projekts wurden umfangreiche Interviews und Fallstudien durchgef\u00fchrt, die die Erfahrungen von Gesundheitsfachkr\u00e4ften einbezogen. Ein regelm\u00e4\u00dfiger Austausch w\u00e4hrend der Entwicklung und eine Pilotierungsphase unter Beteiligung von Stakeholdern aus <strong>Krankenh\u00e4usern, Pflegeheimen, Rettungsorganisationen und Verwaltungsorganen, stellen einen umfassenden und praxisnahen Ansatz sicher.<\/strong><\/p>\n\n\n\n<p><strong><strong>M\u00f6glichkeiten zum Austausch \u2013 regelm\u00e4\u00dfige Veranstaltungen<\/strong> <\/strong><br>Das Projekt umfasst auch mehrere Veranstaltungen, einschlie\u00dflich Workshops, Konferenzen, Schulungen und anderen Events, die darauf abzielen, Wissen zu teilen, zu vernetzen und eine Praxisgemeinschaft rund um die Pandemie-Resilienz im Gesundheitswesen zu f\u00f6rdern.<\/p>\n\n\n\n<p><\/p>\n\n\n\n<h2 class=\"wp-block-heading\"><mark style=\"background-color:rgba(0, 0, 0, 0)\" class=\"has-inline-color has-neve-link-color-color\"><strong>Nutzung des Empower4Pandemias-Programms<\/strong><\/mark><\/h2>\n\n\n\n<p>Drei unserer <strong>Partner <\/strong>sind bereit, das <strong>umfassende Trainingsprogramm zu liefern. <\/strong>Zus\u00e4tzlich werden die <strong>E-Learning- und Bewertungskomponenten f\u00fcr eine breitere Nutzung zur Verf\u00fcgung gestellt. Wir laden Hochschuleinrichtungen, berufliche Bildungseinrichtungen und Gesundheitsorganisationen herzlich ein, sich zu melden<\/strong>, wenn sie das vollst\u00e4ndige Training implementieren m\u00f6chten. Schreiben Sie uns eine Nachricht: info[at]empower4pandemias.eu<\/p>\n\n\n\n<p><strong><strong>Insgesamt zielt das Projekt Empowerment for Pandemias nicht nur darauf ab, sofortige L\u00f6sungen zu bieten, sondern eine langfristige Kultur der Resilienz und Vorbereitung im Gesundheitssektor zu f\u00f6rdern und sicherzustellen, dass Fachkr\u00e4fte ausgestattet sind, um Pandemien und Gesundheitskrisen erfolgreich zu bew\u00e4ltigen.<\/strong><\/strong><\/p>\n","protected":false},"excerpt":{"rendered":"<p>Problemsituation Die COVID-19-Pandemie hat gezeigt, wie wichtig es ist, dass unsere Gesundheitssysteme gut funktionieren und dass wir eine zuverl\u00e4ssige Versorgung in allen Bereichen brauchen. Sie hat auch klar gemacht, dass unsere Gesundheitsbeh\u00f6rden flexibel auf neue Herausforderungen reagieren m\u00fcssen. Unser Projekt zielt darauf ab, Fachkr\u00e4fte mit den F\u00e4higkeiten und der Resilienz auszustatten, die sie brauchen, um&hellip;&nbsp;<a href=\"https:\/\/empower4pandemias.eu\/de\/projektzusammenfassung\/\" rel=\"bookmark\">Weiterlesen &raquo;<span class=\"screen-reader-text\">Projekt<\/span><\/a><\/p>\n","protected":false},"author":5,"featured_media":0,"parent":0,"menu_order":0,"comment_status":"closed","ping_status":"closed","template":"","meta":{"neve_meta_sidebar":"","neve_meta_container":"","neve_meta_enable_content_width":"","neve_meta_content_width":0,"neve_meta_title_alignment":"","neve_meta_author_avatar":"","neve_post_elements_order":"","neve_meta_disable_header":"","neve_meta_disable_footer":"","neve_meta_disable_title":"","_themeisle_gutenberg_block_has_review":false,"footnotes":""},"class_list":["post-895","page","type-page","status-publish","hentry"],"_links":{"self":[{"href":"https:\/\/empower4pandemias.eu\/de\/wp-json\/wp\/v2\/pages\/895","targetHints":{"allow":["GET"]}}],"collection":[{"href":"https:\/\/empower4pandemias.eu\/de\/wp-json\/wp\/v2\/pages"}],"about":[{"href":"https:\/\/empower4pandemias.eu\/de\/wp-json\/wp\/v2\/types\/page"}],"author":[{"embeddable":true,"href":"https:\/\/empower4pandemias.eu\/de\/wp-json\/wp\/v2\/users\/5"}],"replies":[{"embeddable":true,"href":"https:\/\/empower4pandemias.eu\/de\/wp-json\/wp\/v2\/comments?post=895"}],"version-history":[{"count":7,"href":"https:\/\/empower4pandemias.eu\/de\/wp-json\/wp\/v2\/pages\/895\/revisions"}],"predecessor-version":[{"id":1086,"href":"https:\/\/empower4pandemias.eu\/de\/wp-json\/wp\/v2\/pages\/895\/revisions\/1086"}],"wp:attachment":[{"href":"https:\/\/empower4pandemias.eu\/de\/wp-json\/wp\/v2\/media?parent=895"}],"curies":[{"name":"wp","href":"https:\/\/api.w.org\/{rel}","templated":true}]}}